{"id":663,"date":"2021-10-22T18:20:37","date_gmt":"2021-10-22T18:20:37","guid":{"rendered":"https:\/\/nieuw.kostermanhoveniers.nl\/?page_id=10"},"modified":"2021-10-22T18:20:37","modified_gmt":"2021-10-22T18:20:37","slug":"contact","status":"publish","type":"page","link":"https:\/\/kostermanhoveniers.nl\/?page_id=663","title":{"rendered":"Contact"},"content":{"rendered":"<p>via E-mail adres<b>\u00a0info@kostermanhoveniers.n<\/b>l kunt u contact met ons opnemen.<\/p>\n<p><br style=\"color: #777777; font-family: 'Open Sans', sans-serif; font-size: 12px; text-align: center; background-color: #f6f6f6;\" \/><strong>We houden je priv\u00e9gegevens priv\u00e9<\/strong><br style=\"color: #777777; font-family: 'Open Sans', sans-serif; font-size: 18px; text-align: center; background-color: #f6f6f6;\" \/>We doen er alles aan om jouw priv\u00e9gegevens ook echt priv\u00e9 te houden. Wanneer je iets via mail aan ons vraagt, wil je natuurlijk niet dat andere met jouw persoonsgegevens er vandoor gaan. Gelijk heb je. We vragen wel gegevens van je, zodat we je zo goed mogelijk kunnen helpen. Deze gegevens bewaren we niet langer dan noodzakelijk.<\/p>\n<p>\t\t\t<iframe frameborder=\"0\" scrolling=\"no\" marginheight=\"0\" marginwidth=\"0\"\n\t\t\t\t\tsrc=\"https:\/\/maps.google.com\/maps?q=Heukelum&#038;t=m&#038;z=11&#038;output=embed&#038;iwloc=near\"\n\t\t\t\t\ttitle=\"Heukelum\"\n\t\t\t\t\taria-label=\"Heukelum\"\n\t\t\t><\/iframe><\/p>\n","protected":false},"excerpt":{"rendered":"<p>via E-mail adres\u00a0info@kostermanhoveniers.nl kunt u contact met ons opnemen. We houden je priv\u00e9gegevens priv\u00e9We doen er alles aan om jouw priv\u00e9gegevens ook echt priv\u00e9 te houden. Wanneer je iets via mail aan ons vraagt, wil je natuurlijk niet dat andere met jouw persoonsgegevens er vandoor gaan. Gelijk heb je. We vragen wel gegevens van je, [&hellip;]<\/p>\n","protected":false},"author":1,"featured_media":0,"parent":0,"menu_order":0,"comment_status":"closed","ping_status":"closed","template":"template-full-width.php","meta":{"footnotes":""},"class_list":["post-663","page","type-page","status-publish","hentry"],"_links":{"self":[{"href":"https:\/\/kostermanhoveniers.nl\/index.php?rest_route=\/wp\/v2\/pages\/663","targetHints":{"allow":["GET"]}}],"collection":[{"href":"https:\/\/kostermanhoveniers.nl\/index.php?rest_route=\/wp\/v2\/pages"}],"about":[{"href":"https:\/\/kostermanhoveniers.nl\/index.php?rest_route=\/wp\/v2\/types\/page"}],"author":[{"embeddable":true,"href":"https:\/\/kostermanhoveniers.nl\/index.php?rest_route=\/wp\/v2\/users\/1"}],"replies":[{"embeddable":true,"href":"https:\/\/kostermanhoveniers.nl\/index.php?rest_route=%2Fwp%2Fv2%2Fcomments&post=663"}],"version-history":[{"count":0,"href":"https:\/\/kostermanhoveniers.nl\/index.php?rest_route=\/wp\/v2\/pages\/663\/revisions"}],"wp:attachment":[{"href":"https:\/\/kostermanhoveniers.nl\/index.php?rest_route=%2Fwp%2Fv2%2Fmedia&parent=663"}],"curies":[{"name":"wp","href":"https:\/\/api.w.org\/{rel}","templated":true}]}}